{"id":2666,"date":"2020-10-15T15:00:41","date_gmt":"2020-10-15T13:00:41","guid":{"rendered":"http:\/\/www.rtlamp.org\/impressum\/"},"modified":"2020-10-23T09:25:56","modified_gmt":"2020-10-23T07:25:56","slug":"impressum","status":"publish","type":"page","link":"https:\/\/www.rtlamp.org\/de\/impressum\/","title":{"rendered":"Impressum"},"content":{"rendered":"\t\t<div data-elementor-type=\"wp-page\" data-elementor-id=\"2666\" class=\"elementor elementor-2666 elementor-2405\" data-elementor-settings=\"[]\">\n\t\t\t\t\t\t<div class=\"elementor-inner\">\n\t\t\t\t\t\t\t<div class=\"elementor-section-wrap\">\n\t\t\t\t\t\t\t<section class=\"elementor-section elementor-top-section elementor-element elementor-element-457bcaeb elementor-section-stretched elementor-section-full_width elementor-section-height-default elementor-section-height-default\" data-id=\"457bcaeb\" data-element_type=\"section\" data-settings=\"{&quot;stretch_section&quot;:&quot;section-stretched&quot;}\">\n\t\t\t\t\t\t<div class=\"elementor-container elementor-column-gap-no\">\n\t\t\t\t\t\t\t<div class=\"elementor-row\">\n\t\t\t\t\t<div class=\"elementor-column elementor-col-100 elementor-top-column elementor-element elementor-element-71c9c67e\" data-id=\"71c9c67e\" data-element_type=\"column\">\n\t\t\t<div class=\"elementor-column-wrap elementor-element-populated\">\n\t\t\t\t\t\t\t<div class=\"elementor-widget-wrap\">\n\t\t\t\t\t\t<div class=\"elementor-element elementor-element-1164b167 elementor-widget elementor-widget-forester-page-hero\" data-id=\"1164b167\" data-element_type=\"widget\" data-widget_type=\"forester-page-hero.default\">\n\t\t\t\t<div class=\"elementor-widget-container\">\n\t\t\t<div id=\"hero\" class=\"hero page-hero hero-fullwidth hero_1164b167 jarallax\" data-jarallax=\"\" data-type=\"scroll\" data-speed=\"0.2\" data-android=\"0\" data-ios=\"0\" style=\"background-image:url(http:\/\/www.rtlamp.org\/wp-content\/uploads\/2020\/10\/cover5-dark-scaled.jpg)\" data-img-src=\"http:\/\/www.rtlamp.org\/wp-content\/uploads\/2020\/10\/cover5-dark-scaled.jpg\" data-img-size=\"cover\" data-img-position=\"center center\" data-img-repeat=\"no-repeat\"><div class=\"hero-content no\"><div class=\"container white\"><div class=\"m-auto\"><div class=\"title-service mb15\"><h2 class=\"page-heading\">Impressum<\/h2><p class=\"breadcrubms headline-text\"><!-- Breadcrumb NavXT 6.6.0 -->\n<span property=\"itemListElement\" typeof=\"ListItem\"><a property=\"item\" typeof=\"WebPage\" title=\"Go to RTLAMP.\" href=\"https:\/\/www.rtlamp.org\/de\/\" class=\"home\" ><span property=\"name\">RTLAMP<\/span><\/a><meta property=\"position\" content=\"1\"><\/span> &gt; <span property=\"itemListElement\" typeof=\"ListItem\"><a property=\"item\" typeof=\"WebPage\" title=\"Go to News.\" href=\"https:\/\/www.rtlamp.org\/de\/?page_id=2671\" class=\"post-root post post-post\" aria-current=\"page\"><span property=\"name\">News<\/span><\/a><meta property=\"position\" content=\"2\"><\/span><\/p><\/div><\/div><\/div><\/div><\/div>\t\t<\/div>\n\t\t\t\t<\/div>\n\t\t\t\t\t\t<\/div>\n\t\t\t\t\t<\/div>\n\t\t<\/div>\n\t\t\t\t\t\t\t\t<\/div>\n\t\t\t\t\t<\/div>\n\t\t<\/section>\n\t\t\t\t<section class=\"elementor-section elementor-top-section elementor-element elementor-element-27b71f7 elementor-section-boxed elementor-section-height-default elementor-section-height-default\" data-id=\"27b71f7\" data-element_type=\"section\">\n\t\t\t\t\t\t<div class=\"elementor-container elementor-column-gap-default\">\n\t\t\t\t\t\t\t<div class=\"elementor-row\">\n\t\t\t\t\t<div class=\"elementor-column elementor-col-100 elementor-top-column elementor-element elementor-element-7577cde\" data-id=\"7577cde\" data-element_type=\"column\">\n\t\t\t<div class=\"elementor-column-wrap elementor-element-populated\">\n\t\t\t\t\t\t\t<div class=\"elementor-widget-wrap\">\n\t\t\t\t\t\t<div class=\"elementor-element elementor-element-d8b3271 elementor-widget elementor-widget-spacer\" data-id=\"d8b3271\" data-element_type=\"widget\" data-widget_type=\"spacer.default\">\n\t\t\t\t<div class=\"elementor-widget-container\">\n\t\t\t\t\t<div class=\"elementor-spacer\">\n\t\t\t<div class=\"elementor-spacer-inner\"><\/div>\n\t\t<\/div>\n\t\t\t\t<\/div>\n\t\t\t\t<\/div>\n\t\t\t\t\t\t<\/div>\n\t\t\t\t\t<\/div>\n\t\t<\/div>\n\t\t\t\t\t\t\t\t<\/div>\n\t\t\t\t\t<\/div>\n\t\t<\/section>\n\t\t\t\t<section class=\"elementor-section elementor-top-section elementor-element elementor-element-23f2037 elementor-section-boxed elementor-section-height-default elementor-section-height-default\" data-id=\"23f2037\" data-element_type=\"section\">\n\t\t\t\t\t\t<div class=\"elementor-container elementor-column-gap-default\">\n\t\t\t\t\t\t\t<div class=\"elementor-row\">\n\t\t\t\t\t<div class=\"elementor-column elementor-col-100 elementor-top-column elementor-element elementor-element-ea609c7\" data-id=\"ea609c7\" data-element_type=\"column\">\n\t\t\t<div class=\"elementor-column-wrap elementor-element-populated\">\n\t\t\t\t\t\t\t<div class=\"elementor-widget-wrap\">\n\t\t\t\t\t\t<div class=\"elementor-element elementor-element-bdefe4e elementor-widget elementor-widget-heading\" data-id=\"bdefe4e\" data-element_type=\"widget\" data-widget_type=\"heading.default\">\n\t\t\t\t<div class=\"elementor-widget-container\">\n\t\t\t<h2 class=\"elementor-heading-title elementor-size-default\">Impressum<\/h2>\t\t<\/div>\n\t\t\t\t<\/div>\n\t\t\t\t\t\t<\/div>\n\t\t\t\t\t<\/div>\n\t\t<\/div>\n\t\t\t\t\t\t\t\t<\/div>\n\t\t\t\t\t<\/div>\n\t\t<\/section>\n\t\t\t\t<section class=\"elementor-section elementor-top-section elementor-element elementor-element-01d95be elementor-section-boxed elementor-section-height-default elementor-section-height-default\" data-id=\"01d95be\" data-element_type=\"section\">\n\t\t\t\t\t\t<div class=\"elementor-container elementor-column-gap-default\">\n\t\t\t\t\t\t\t<div class=\"elementor-row\">\n\t\t\t\t\t<div class=\"elementor-column elementor-col-100 elementor-top-column elementor-element elementor-element-1d22d46\" data-id=\"1d22d46\" data-element_type=\"column\">\n\t\t\t<div class=\"elementor-column-wrap elementor-element-populated\">\n\t\t\t\t\t\t\t<div class=\"elementor-widget-wrap\">\n\t\t\t\t\t\t<div class=\"elementor-element elementor-element-c6f6149 elementor-widget elementor-widget-text-editor\" data-id=\"c6f6149\" data-element_type=\"widget\" data-widget_type=\"text-editor.default\">\n\t\t\t\t<div class=\"elementor-widget-container\">\n\t\t\t\t\t<div class=\"elementor-text-editor elementor-clearfix\"><p>RTLAMP.org zielt darauf ab, die Bed\u00fcrfnisse potenzieller Anwender von RT-LAMP zum Nachweis von SARS-CoV-2 zu erf\u00fcllen. Es pr\u00e4sentiert Informationen, die von Wissenschaftlern um Julius Brennecke (Institut f\u00fcr Molekulare Biotechnologie) und Andrea Pauli (Forschungsinstitut f\u00fcr Molekulare Pathologie) am Vienna BioCenter gesammelt wurden. Die dieser Website zugrunde liegende Arbeit war eine gemeinsame Anstrengung ihres instituts\u00fcbergreifenden Teams.<\/p>\n<\/div>\n\t\t\t\t<\/div>\n\t\t\t\t<\/div>\n\t\t\t\t<div class=\"elementor-element elementor-element-2af080b elementor-widget elementor-widget-spacer\" data-id=\"2af080b\" data-element_type=\"widget\" data-widget_type=\"spacer.default\">\n\t\t\t\t<div class=\"elementor-widget-container\">\n\t\t\t\t\t<div class=\"elementor-spacer\">\n\t\t\t<div class=\"elementor-spacer-inner\"><\/div>\n\t\t<\/div>\n\t\t\t\t<\/div>\n\t\t\t\t<\/div>\n\t\t\t\t<div class=\"elementor-element elementor-element-aa52894 elementor-widget elementor-widget-text-editor\" data-id=\"aa52894\" data-element_type=\"widget\" data-widget_type=\"text-editor.default\">\n\t\t\t\t<div class=\"elementor-widget-container\">\n\t\t\t\t\t<div class=\"elementor-text-editor elementor-clearfix\"><p><b>Medieninhaber:<\/b><br \/>Forschungsinstitut f\u00fcr Molekulare Pathologie GmbH (IMP)\u00a0<br \/>Campus-Vienna-Biocenter 1, A-1030 Wien\u00a0<br \/>Tel: +43 (1) 797 30\u00a0<br \/>Fax: +43 (1) 798 71 53<\/p>\n<p><b>Gesch\u00e4ftsf\u00fchrung<\/b><br \/>Jan-Michael Peters, Managing Director Science<br \/>Harald Isemann, Managing Director Administration and Finance<\/p>\n<p>Unternehmensgegenstand: Grundlagen-Forschungsinstitut<br \/>Handelsgericht Wien<br \/>UID Nr. ATU14238608<\/p>\n<p>Alle Inhalte dieser Website unterliegen dem Urheberrecht.<\/p>\n<p><b>Fotos<\/b><br \/>IMP\/Lukas Beck\u00a0<\/p>\n<\/div>\n\t\t\t\t<\/div>\n\t\t\t\t<\/div>\n\t\t\t\t\t\t<\/div>\n\t\t\t\t\t<\/div>\n\t\t<\/div>\n\t\t\t\t\t\t\t\t<\/div>\n\t\t\t\t\t<\/div>\n\t\t<\/section>\n\t\t\t\t<section class=\"elementor-section elementor-top-section elementor-element elementor-element-250cfc0 elementor-section-boxed elementor-section-height-default elementor-section-height-default\" data-id=\"250cfc0\" data-element_type=\"section\">\n\t\t\t\t\t\t<div class=\"elementor-container elementor-column-gap-default\">\n\t\t\t\t\t\t\t<div class=\"elementor-row\">\n\t\t\t\t\t<div class=\"elementor-column elementor-col-100 elementor-top-column elementor-element elementor-element-900befa\" data-id=\"900befa\" data-element_type=\"column\">\n\t\t\t<div class=\"elementor-column-wrap elementor-element-populated\">\n\t\t\t\t\t\t\t<div class=\"elementor-widget-wrap\">\n\t\t\t\t\t\t<div class=\"elementor-element elementor-element-2ae9da0 elementor-widget elementor-widget-spacer\" data-id=\"2ae9da0\" data-element_type=\"widget\" data-widget_type=\"spacer.default\">\n\t\t\t\t<div class=\"elementor-widget-container\">\n\t\t\t\t\t<div class=\"elementor-spacer\">\n\t\t\t<div class=\"elementor-spacer-inner\"><\/div>\n\t\t<\/div>\n\t\t\t\t<\/div>\n\t\t\t\t<\/div>\n\t\t\t\t\t\t<\/div>\n\t\t\t\t\t<\/div>\n\t\t<\/div>\n\t\t\t\t\t\t\t\t<\/div>\n\t\t\t\t\t<\/div>\n\t\t<\/section>\n\t\t\t\t\t\t<\/div>\n\t\t\t\t\t\t<\/div>\n\t\t\t\t\t<\/div>\n\t\t","protected":false},"excerpt":{"rendered":"<p>Impressum RTLAMP &gt; News Impressum RTLAMP.org zielt darauf ab, die Bed\u00fcrfnisse potenzieller Anwender von RT-LAMP zum Nachweis von SARS-CoV-2 zu erf\u00fcllen. Es pr\u00e4sentiert Informationen, die von Wissenschaftlern um Julius Brennecke (Institut f\u00fcr Molekulare Biotechnologie) und Andrea Pauli (Forschungsinstitut f\u00fcr Molekulare Pathologie) am Vienna BioCenter gesammelt wurden. Die dieser Website zugrunde liegende Arbeit war eine gemeinsame [&hellip;]<\/p>\n","protected":false},"author":1,"featured_media":0,"parent":0,"menu_order":0,"comment_status":"closed","ping_status":"closed","template":"custom-page.php","meta":[],"yoast_head":"<!-- This site is optimized with the Yoast SEO plugin v15.9.1 - https:\/\/yoast.com\/wordpress\/plugins\/seo\/ -->\n<title>Impressum - RTLAMP<\/title>\n<meta name=\"robots\" content=\"index, follow, max-snippet:-1, max-image-preview:large, max-video-preview:-1\" \/>\n<link rel=\"canonical\" href=\"https:\/\/www.rtlamp.org\/de\/impressum\/\" \/>\n<meta property=\"og:locale\" content=\"de_DE\" \/>\n<meta property=\"og:type\" content=\"article\" \/>\n<meta property=\"og:title\" content=\"Impressum - RTLAMP\" \/>\n<meta property=\"og:description\" content=\"Impressum RTLAMP &gt; News Impressum RTLAMP.org zielt darauf ab, die Bed\u00fcrfnisse potenzieller Anwender von RT-LAMP zum Nachweis von SARS-CoV-2 zu erf\u00fcllen. Es pr\u00e4sentiert Informationen, die von Wissenschaftlern um Julius Brennecke (Institut f\u00fcr Molekulare Biotechnologie) und Andrea Pauli (Forschungsinstitut f\u00fcr Molekulare Pathologie) am Vienna BioCenter gesammelt wurden. Die dieser Website zugrunde liegende Arbeit war eine gemeinsame [&hellip;]\" \/>\n<meta property=\"og:url\" content=\"https:\/\/www.rtlamp.org\/de\/impressum\/\" \/>\n<meta property=\"og:site_name\" content=\"RTLAMP\" \/>\n<meta property=\"article:modified_time\" content=\"2020-10-23T07:25:56+00:00\" \/>\n<meta name=\"twitter:card\" content=\"summary_large_image\" \/>\n<meta name=\"twitter:label1\" content=\"Gesch\u00e4tzte Lesezeit\">\n\t<meta name=\"twitter:data1\" content=\"1\u00a0Minute\">\n<script type=\"application\/ld+json\" class=\"yoast-schema-graph\">{\"@context\":\"https:\/\/schema.org\",\"@graph\":[{\"@type\":\"WebSite\",\"@id\":\"https:\/\/www.rtlamp.org\/#website\",\"url\":\"https:\/\/www.rtlamp.org\/\",\"name\":\"RTLAMP\",\"description\":\"Testing methods for COVID19\",\"potentialAction\":[{\"@type\":\"SearchAction\",\"target\":\"https:\/\/www.rtlamp.org\/?s={search_term_string}\",\"query-input\":\"required name=search_term_string\"}],\"inLanguage\":\"de\"},{\"@type\":\"WebPage\",\"@id\":\"https:\/\/www.rtlamp.org\/de\/impressum\/#webpage\",\"url\":\"https:\/\/www.rtlamp.org\/de\/impressum\/\",\"name\":\"Impressum - RTLAMP\",\"isPartOf\":{\"@id\":\"https:\/\/www.rtlamp.org\/#website\"},\"datePublished\":\"2020-10-15T13:00:41+00:00\",\"dateModified\":\"2020-10-23T07:25:56+00:00\",\"breadcrumb\":{\"@id\":\"https:\/\/www.rtlamp.org\/de\/impressum\/#breadcrumb\"},\"inLanguage\":\"de\",\"potentialAction\":[{\"@type\":\"ReadAction\",\"target\":[\"https:\/\/www.rtlamp.org\/de\/impressum\/\"]}]},{\"@type\":\"BreadcrumbList\",\"@id\":\"https:\/\/www.rtlamp.org\/de\/impressum\/#breadcrumb\",\"itemListElement\":[{\"@type\":\"ListItem\",\"position\":1,\"item\":{\"@type\":\"WebPage\",\"@id\":\"https:\/\/www.rtlamp.org\/\",\"url\":\"https:\/\/www.rtlamp.org\/\",\"name\":\"Home\"}},{\"@type\":\"ListItem\",\"position\":2,\"item\":{\"@type\":\"WebPage\",\"@id\":\"https:\/\/www.rtlamp.org\/de\/impressum\/\",\"url\":\"https:\/\/www.rtlamp.org\/de\/impressum\/\",\"name\":\"Impressum\"}}]}]}<\/script>\n<!-- \/ Yoast SEO plugin. -->","_links":{"self":[{"href":"https:\/\/www.rtlamp.org\/de\/wp-json\/wp\/v2\/pages\/2666"}],"collection":[{"href":"https:\/\/www.rtlamp.org\/de\/wp-json\/wp\/v2\/pages"}],"about":[{"href":"https:\/\/www.rtlamp.org\/de\/wp-json\/wp\/v2\/types\/page"}],"author":[{"embeddable":true,"href":"https:\/\/www.rtlamp.org\/de\/wp-json\/wp\/v2\/users\/1"}],"replies":[{"embeddable":true,"href":"https:\/\/www.rtlamp.org\/de\/wp-json\/wp\/v2\/comments?post=2666"}],"version-history":[{"count":7,"href":"https:\/\/www.rtlamp.org\/de\/wp-json\/wp\/v2\/pages\/2666\/revisions"}],"predecessor-version":[{"id":3063,"href":"https:\/\/www.rtlamp.org\/de\/wp-json\/wp\/v2\/pages\/2666\/revisions\/3063"}],"wp:attachment":[{"href":"https:\/\/www.rtlamp.org\/de\/wp-json\/wp\/v2\/media?parent=2666"}],"curies":[{"name":"wp","href":"https:\/\/api.w.org\/{rel}","templated":true}]}}